{"id":3247,"date":"2026-02-16T16:28:55","date_gmt":"2026-02-16T16:28:55","guid":{"rendered":"https:\/\/accessibilityacademy.eu\/?page_id=3247"},"modified":"2026-02-18T12:11:31","modified_gmt":"2026-02-18T12:11:31","slug":"pas-de-titre","status":"publish","type":"page","link":"https:\/\/accessibilityacademy.eu\/","title":{"rendered":"European Accessibility Academy"},"content":{"rendered":"\n\n\t<h1>European Accessibility Academy<\/h1>\n<p><\/p>\n<p>Des <strong>formations en ligne en accessibilit\u00e9 num\u00e9rique<\/strong> pour les d\u00e9veloppeurs, graphistes, r\u00e9dacteurs et aussi les managers.<\/p>\n<p><\/p>\n\t<h2>Restez inform\u00e9 de la sortie du site<\/h2>\n<p>Inscrivez-vous \u00e0 la newsletter et vous recevrez en premier\u00b7i\u00e8re quand les cours sont en ligne !<\/p>\n<p><\/p>\n\n<!-- \/wp:post-content -->","protected":false},"excerpt":{"rendered":"<p>European Accessibility Academy Des formations en ligne en accessibilit\u00e9 num\u00e9rique pour les d\u00e9veloppeurs, graphistes, r\u00e9dacteurs et aussi les managers. Restez inform\u00e9 de la sortie du site Inscrivez-vous \u00e0 la newsletter et vous recevrez en premier\u00b7i\u00e8re quand les cours sont en ligne !<\/p>\n","protected":false},"author":2,"featured_media":0,"parent":0,"menu_order":0,"comment_status":"closed","ping_status":"closed","template":"","meta":{"footnotes":""},"class_list":["post-3247","page","type-page","status-publish"],"_links":{"self":[{"href":"https:\/\/accessibilityacademy.eu\/index.php\/wp-json\/wp\/v2\/pages\/3247","targetHints":{"allow":["GET"]}}],"collection":[{"href":"https:\/\/accessibilityacademy.eu\/index.php\/wp-json\/wp\/v2\/pages"}],"about":[{"href":"https:\/\/accessibilityacademy.eu\/index.php\/wp-json\/wp\/v2\/types\/page"}],"author":[{"embeddable":true,"href":"https:\/\/accessibilityacademy.eu\/index.php\/wp-json\/wp\/v2\/users\/2"}],"replies":[{"embeddable":true,"href":"https:\/\/accessibilityacademy.eu\/index.php\/wp-json\/wp\/v2\/comments?post=3247"}],"version-history":[{"count":9,"href":"https:\/\/accessibilityacademy.eu\/index.php\/wp-json\/wp\/v2\/pages\/3247\/revisions"}],"predecessor-version":[{"id":3261,"href":"https:\/\/accessibilityacademy.eu\/index.php\/wp-json\/wp\/v2\/pages\/3247\/revisions\/3261"}],"wp:attachment":[{"href":"https:\/\/accessibilityacademy.eu\/index.php\/wp-json\/wp\/v2\/media?parent=3247"}],"curies":[{"name":"wp","href":"https:\/\/api.w.org\/{rel}","templated":true}]}}